{"id":5799,"date":"2022-11-02T14:20:18","date_gmt":"2022-11-02T14:20:18","guid":{"rendered":"https:\/\/www.commonfoodnames.com\/quienes-somos\/sobre-nosotros\/"},"modified":"2022-11-02T14:20:18","modified_gmt":"2022-11-02T14:20:18","slug":"sobre-nosotros","status":"publish","type":"page","link":"https:\/\/www.commonfoodnames.com\/es\/quienes-somos\/sobre-nosotros\/","title":{"rendered":"Sobre nosotros"},"content":{"rendered":"<p><span style=\"color: #008000;\">Misi\u00f3n\/Acerca de\/Visi\u00f3n<\/span><\/p>\n<hr>\n<h3><span style=\"color: #800080;\">Una iniciativa internacional para preservar el derecho a utilizar nombres gen\u00e9ricos de alimentos.<\/span><\/h3>\n<p><span style=\"color: #800080;\">El Consorcio para Nombres Comunes de Alimentos (CCFN) es una alianza internacional independiente cuyo objetivo es trabajar con l\u00edderes en agricultura, comercio y derechos de propiedad intelectual para fomentar la adopci\u00f3n de altos est\u00e1ndares y directrices modelo de indicaci\u00f3n geogr\u00e1fica en todo el mundo.<\/span><\/p>\n<p><span style=\"color: #800080;\"><strong>Director Ejecutivo:<\/strong> Jaime Casta\u00f1eda<\/span><br \/>\n<span style=\"color: #800080;\"><strong>Presidente:<\/strong> Errico Auricchio, BelGioioso Cheese, Inc.<\/span><\/p>\n<p><span style=\"color: #800080;\"><a style=\"color: #800080;\" href=\"https:\/\/www.commonfoodnames.com\/who-we-are\/our-supporters\/\">Lea los comentarios<\/a> de algunos de nuestros seguidores.<\/span><\/p>\n<hr>\n<h3><span style=\"color: #800080;\">Buscar la adopci\u00f3n de un modelo justo que proteja las indicaciones geogr\u00e1ficas leg\u00edtimas y al mismo tiempo luche contra la monopolizaci\u00f3n de los nombres gen\u00e9ricos.<\/span><\/h3>\n<p><span style=\"color: #800080;\"><strong>Todos deber\u00edan tener derecho a usar nombres comunes<\/strong> en la comercializaci\u00f3n de alimentos conocidos y favoritos. Pero ese derecho est\u00e1 amenazado. El Consorcio para Nombres Comunes de Alimentos apoya las indicaciones geogr\u00e1ficas adecuadas (IG), nombres asociados con alimentos especializados de regiones de todo el mundo.<\/span><\/p>\n<p><span style=\"color: #800080;\">Sin embargo, se opone a cualquier intento de monopolizar los nombres comunes (gen\u00e9ricos) que se han convertido en parte del dominio p\u00fablico. El Consorcio busca fomentar la adopci\u00f3n de un modelo apropiado para proteger tanto las indicaciones geogr\u00e1ficas leg\u00edtimas como los nombres gen\u00e9ricos de alimentos.<\/span><\/p>\n<p><span style=\"color: #800080;\"><strong>Nuestra Misi\u00f3n:<\/strong><\/span><\/p>\n<p><span style=\"color: #800080;\">Estamos trabajando para proteger el derecho a usar nombres comunes de alimentos al:<\/span><\/p>\n<ol>\n<li><span style=\"color: #800080;\"><strong>Informar a<\/strong> los grupos de consumidores, asociaciones de agricultores, productores de alimentos y funcionarios agr\u00edcolas, comerciales y de propiedad intelectual sobre el da\u00f1o que se causar\u00e1 en sus propios pa\u00edses si no se controlan los esfuerzos para restringir el uso de nombres comunes de alimentos;<\/span><\/li>\n<li><span style=\"color: #800080;\"><strong>Trabajar con estos grupos<\/strong> para proteger los nombres comunes de los alimentos en las reglamentaciones nacionales y los acuerdos internacionales, y para desafiar los intentos de cualquier grupo de monopolizar los nombres gen\u00e9ricos;<\/span><\/li>\n<li><span style=\"color: #800080;\"><strong>Desarrollar un alcance claro y razonable de protecci\u00f3n de<\/strong> las indicaciones geogr\u00e1ficas trabajando con l\u00edderes en agricultura, comercio y derechos de propiedad intelectual; y<\/span><\/li>\n<li><span style=\"color: #800080;\"><strong>Fomentar la adopci\u00f3n<\/strong> de directrices de alto nivel y modelo de IG en todo el mundo.<\/span><\/li>\n<\/ol>\n<p><span style=\"color: #800080;\"><strong>Un modelo justo: proteger los nombres comunes y las indicaciones geogr\u00e1ficas leg\u00edtimas relacionadas con los alimentos.<\/strong><\/span><\/p>\n<p><span style=\"color: #800080;\">El Consorcio cree que varias directrices pueden ser \u00fatiles para establecer un modelo que proteja tanto los nombres comunes como las indicaciones geogr\u00e1ficas leg\u00edtimas relacionadas con los alimentos. Las consideraciones incluyen:<\/span><\/p>\n<ul>\n<li><span style=\"color: #800080;\">Exigir que una indicaci\u00f3n geogr\u00e1fica incluya el nombre de la regi\u00f3n o subregi\u00f3n donde se produce el producto, y un segundo t\u00e9rmino que describa el producto (por ejemplo, \u00abCamembert de Normandie\u00bb, \u00abIdaho Potatoes\u00bb, etc.);<\/span><\/li>\n<li><span style=\"color: #800080;\">Mantener un fuerte v\u00ednculo con la indicaci\u00f3n geogr\u00e1fica original completa protegiendo el t\u00e9rmino solo en su idioma original y en la transliteraci\u00f3n (por ejemplo, \u00abParmigiano Reggiano\u00bb);<\/span><\/li>\n<li><span style=\"color: #800080;\">Establecer puntos de referencia para identificar nombres comunes, como la existencia de una norma del Codex u otras normas internacionales; uso del t\u00e9rmino en diccionarios, peri\u00f3dicos, descripciones de productos en listas arancelarias o en notas explicativas; niveles y difusi\u00f3n de la producci\u00f3n mundial; comercio internacional; etc.;<\/span><\/li>\n<li><span style=\"color: #800080;\">Brindar a las partes interesadas de todo el mundo la oportunidad de formular observaciones sobre las solicitudes de indicaciones geogr\u00e1ficas para garantizar que los funcionarios hayan considerado plenamente la solicitud y su impacto en otros agricultores y productores de alimentos.<\/span><\/li>\n<\/ul>\n","protected":false},"excerpt":{"rendered":"<p>Misi\u00f3n\/Acerca de\/Visi\u00f3n Una iniciativa internacional para preservar el derecho a utilizar nombres gen\u00e9ricos de alimentos. El Consorcio para Nombres Comunes de Alimentos (CCFN) es una alianza internacional independiente cuyo objetivo es trabajar con l\u00edderes en agricultura, comercio y derechos de propiedad intelectual para fomentar la adopci\u00f3n de altos est\u00e1ndares y directrices modelo de indicaci\u00f3n geogr\u00e1fica [&hellip;]<\/p>\n","protected":false},"author":1,"featured_media":0,"parent":5798,"menu_order":0,"comment_status":"closed","ping_status":"closed","template":"","meta":{"_acf_changed":false,"footnotes":""},"acf":[],"yoast_head":"<!-- This site is optimized with the Yoast SEO plugin v23.0 - https:\/\/yoast.com\/wordpress\/plugins\/seo\/ -->\n<title>Nuestra Misi\u00f3n | Consorcio de Nombres Comunes de Alimentos<\/title>\n<meta name=\"robots\" content=\"index, follow, max-snippet:-1, max-image-preview:large, max-video-preview:-1\" \/>\n<link rel=\"canonical\" href=\"https:\/\/www.commonfoodnames.com\/es\/quienes-somos\/sobre-nosotros\/\" \/>\n<meta property=\"og:locale\" content=\"es_ES\" \/>\n<meta property=\"og:type\" content=\"article\" \/>\n<meta property=\"og:title\" content=\"Nuestra Misi\u00f3n | Consorcio de Nombres Comunes de Alimentos\" \/>\n<meta property=\"og:description\" content=\"Misi\u00f3n\/Acerca de\/Visi\u00f3n Una iniciativa internacional para preservar el derecho a utilizar nombres gen\u00e9ricos de alimentos. El Consorcio para Nombres Comunes de Alimentos (CCFN) es una alianza internacional independiente cuyo objetivo es trabajar con l\u00edderes en agricultura, comercio y derechos de propiedad intelectual para fomentar la adopci\u00f3n de altos est\u00e1ndares y directrices modelo de indicaci\u00f3n geogr\u00e1fica [&hellip;]\" \/>\n<meta property=\"og:url\" content=\"https:\/\/www.commonfoodnames.com\/es\/quienes-somos\/sobre-nosotros\/\" \/>\n<meta property=\"og:site_name\" content=\"CCFN\" \/>\n<meta name=\"twitter:card\" content=\"summary_large_image\" \/>\n<meta name=\"twitter:label1\" content=\"Tiempo de lectura\" \/>\n\t<meta name=\"twitter:data1\" content=\"3 minutos\" \/>\n<script type=\"application\/ld+json\" class=\"yoast-schema-graph\">{\"@context\":\"https:\/\/schema.org\",\"@graph\":[{\"@type\":\"WebPage\",\"@id\":\"https:\/\/www.commonfoodnames.com\/es\/quienes-somos\/sobre-nosotros\/\",\"url\":\"https:\/\/www.commonfoodnames.com\/es\/quienes-somos\/sobre-nosotros\/\",\"name\":\"Nuestra Misi\u00f3n | Consorcio de Nombres Comunes de Alimentos\",\"isPartOf\":{\"@id\":\"https:\/\/www.commonfoodnames.com\/#website\"},\"datePublished\":\"2022-11-02T14:20:18+00:00\",\"dateModified\":\"2022-11-02T14:20:18+00:00\",\"breadcrumb\":{\"@id\":\"https:\/\/www.commonfoodnames.com\/es\/quienes-somos\/sobre-nosotros\/#breadcrumb\"},\"inLanguage\":\"es\",\"potentialAction\":[{\"@type\":\"ReadAction\",\"target\":[\"https:\/\/www.commonfoodnames.com\/es\/quienes-somos\/sobre-nosotros\/\"]}]},{\"@type\":\"BreadcrumbList\",\"@id\":\"https:\/\/www.commonfoodnames.com\/es\/quienes-somos\/sobre-nosotros\/#breadcrumb\",\"itemListElement\":[{\"@type\":\"ListItem\",\"position\":1,\"name\":\"Home\",\"item\":\"https:\/\/www.commonfoodnames.com\/es\/hogar\/\"},{\"@type\":\"ListItem\",\"position\":2,\"name\":\"Qui\u00e9nes somos\",\"item\":\"https:\/\/www.commonfoodnames.com\/quienes-somos\/\"},{\"@type\":\"ListItem\",\"position\":3,\"name\":\"Sobre nosotros\"}]},{\"@type\":\"WebSite\",\"@id\":\"https:\/\/www.commonfoodnames.com\/#website\",\"url\":\"https:\/\/www.commonfoodnames.com\/\",\"name\":\"CCFN\",\"description\":\"\",\"potentialAction\":[{\"@type\":\"SearchAction\",\"target\":{\"@type\":\"EntryPoint\",\"urlTemplate\":\"https:\/\/www.commonfoodnames.com\/?s={search_term_string}\"},\"query-input\":\"required name=search_term_string\"}],\"inLanguage\":\"es\"}]}<\/script>\n<!-- \/ Yoast SEO plugin. -->","yoast_head_json":{"title":"Nuestra Misi\u00f3n | Consorcio de Nombres Comunes de Alimentos","robots":{"index":"index","follow":"follow","max-snippet":"max-snippet:-1","max-image-preview":"max-image-preview:large","max-video-preview":"max-video-preview:-1"},"canonical":"https:\/\/www.commonfoodnames.com\/es\/quienes-somos\/sobre-nosotros\/","og_locale":"es_ES","og_type":"article","og_title":"Nuestra Misi\u00f3n | Consorcio de Nombres Comunes de Alimentos","og_description":"Misi\u00f3n\/Acerca de\/Visi\u00f3n Una iniciativa internacional para preservar el derecho a utilizar nombres gen\u00e9ricos de alimentos. El Consorcio para Nombres Comunes de Alimentos (CCFN) es una alianza internacional independiente cuyo objetivo es trabajar con l\u00edderes en agricultura, comercio y derechos de propiedad intelectual para fomentar la adopci\u00f3n de altos est\u00e1ndares y directrices modelo de indicaci\u00f3n geogr\u00e1fica [&hellip;]","og_url":"https:\/\/www.commonfoodnames.com\/es\/quienes-somos\/sobre-nosotros\/","og_site_name":"CCFN","twitter_card":"summary_large_image","twitter_misc":{"Tiempo de lectura":"3 minutos"},"schema":{"@context":"https:\/\/schema.org","@graph":[{"@type":"WebPage","@id":"https:\/\/www.commonfoodnames.com\/es\/quienes-somos\/sobre-nosotros\/","url":"https:\/\/www.commonfoodnames.com\/es\/quienes-somos\/sobre-nosotros\/","name":"Nuestra Misi\u00f3n | Consorcio de Nombres Comunes de Alimentos","isPartOf":{"@id":"https:\/\/www.commonfoodnames.com\/#website"},"datePublished":"2022-11-02T14:20:18+00:00","dateModified":"2022-11-02T14:20:18+00:00","breadcrumb":{"@id":"https:\/\/www.commonfoodnames.com\/es\/quienes-somos\/sobre-nosotros\/#breadcrumb"},"inLanguage":"es","potentialAction":[{"@type":"ReadAction","target":["https:\/\/www.commonfoodnames.com\/es\/quienes-somos\/sobre-nosotros\/"]}]},{"@type":"BreadcrumbList","@id":"https:\/\/www.commonfoodnames.com\/es\/quienes-somos\/sobre-nosotros\/#breadcrumb","itemListElement":[{"@type":"ListItem","position":1,"name":"Home","item":"https:\/\/www.commonfoodnames.com\/es\/hogar\/"},{"@type":"ListItem","position":2,"name":"Qui\u00e9nes somos","item":"https:\/\/www.commonfoodnames.com\/quienes-somos\/"},{"@type":"ListItem","position":3,"name":"Sobre nosotros"}]},{"@type":"WebSite","@id":"https:\/\/www.commonfoodnames.com\/#website","url":"https:\/\/www.commonfoodnames.com\/","name":"CCFN","description":"","potentialAction":[{"@type":"SearchAction","target":{"@type":"EntryPoint","urlTemplate":"https:\/\/www.commonfoodnames.com\/?s={search_term_string}"},"query-input":"required name=search_term_string"}],"inLanguage":"es"}]}},"_links":{"self":[{"href":"https:\/\/www.commonfoodnames.com\/es\/wp-json\/wp\/v2\/pages\/5799"}],"collection":[{"href":"https:\/\/www.commonfoodnames.com\/es\/wp-json\/wp\/v2\/pages"}],"about":[{"href":"https:\/\/www.commonfoodnames.com\/es\/wp-json\/wp\/v2\/types\/page"}],"author":[{"embeddable":true,"href":"https:\/\/www.commonfoodnames.com\/es\/wp-json\/wp\/v2\/users\/1"}],"replies":[{"embeddable":true,"href":"https:\/\/www.commonfoodnames.com\/es\/wp-json\/wp\/v2\/comments?post=5799"}],"version-history":[{"count":0,"href":"https:\/\/www.commonfoodnames.com\/es\/wp-json\/wp\/v2\/pages\/5799\/revisions"}],"up":[{"embeddable":true,"href":"https:\/\/www.commonfoodnames.com\/es\/wp-json\/wp\/v2\/pages\/5798"}],"wp:attachment":[{"href":"https:\/\/www.commonfoodnames.com\/es\/wp-json\/wp\/v2\/media?parent=5799"}],"curies":[{"name":"wp","href":"https:\/\/api.w.org\/{rel}","templated":true}]}}