{"id":5802,"date":"2022-11-02T14:21:24","date_gmt":"2022-11-02T14:21:24","guid":{"rendered":"https:\/\/www.commonfoodnames.com\/que-hacemos\/"},"modified":"2022-11-02T14:21:24","modified_gmt":"2022-11-02T14:21:24","slug":"que-hacemos","status":"publish","type":"page","link":"https:\/\/www.commonfoodnames.com\/es\/que-hacemos\/","title":{"rendered":"Qu\u00e9 hacemos"},"content":{"rendered":"<h3><span style=\"color: #993366;\">Proporcionar un foro para las objeciones de la comunidad internacional al tiempo que se abordan positivamente las formas de avanzar de manera justa.<\/span><\/h3>\n<p><span style=\"color: #993366;\">Muchos quesos, carnes, cervezas y otros alimentos conocidos tienen sus or\u00edgenes en Europa, pero gracias a d\u00e9cadas de comercio y la emigraci\u00f3n de artesanos de alimentos individuales, estos productos ahora se fabrican y disfrutan en todo el mundo. Con el tiempo, esto ha aumentado enormemente la popularidad de variedades hist\u00f3ricamente europeas como el queso parmesano y los productos c\u00e1rnicos especializados, por ejemplo, en beneficio comercial de los productores y consumidores europeos y no europeos.<\/span><\/p>\n<h3><span style=\"color: #993366;\">Apoyar la protecci\u00f3n de productos distintivos.<\/span><\/h3>\n<p><span style=\"color: #993366;\">Para algunos productos especializados fabricados en una regi\u00f3n espec\u00edfica, como Clare Island Salmon y Brie de Meaux, tiene sentido que la Uni\u00f3n Europea (UE) proteja el nombre regional, preservando la naturaleza \u00fanica de ese producto. Por lo tanto, para estos ejemplos, estos nombres solo pueden usarse para el salm\u00f3n originario de una determinada parte de Irlanda y para un tipo espec\u00edfico de queso que se elabora en una regi\u00f3n de Francia, en ning\u00fan otro lugar.<\/span><\/p>\n<p><span style=\"color: #993366;\">De hecho, los productos de otras partes del mundo, como las manzanas del estado de Washington, las papas de Idaho, el vino del Valle de Colchagua de Chile o el arroz jazm\u00edn tailand\u00e9s, tambi\u00e9n pueden beneficiarse de una protecci\u00f3n similar. El Consorcio apoya este tipo de t\u00e9rminos como una herramienta para promover productos distintivos.<\/span><\/p>\n<h3><span style=\"color: #993366;\">Poner freno a la posible extralimitaci\u00f3n de la Comisi\u00f3n Europea.<\/span><\/h3>\n<p><span style=\"color: #993366;\"><strong>Pero m\u00e1s recientemente,<\/strong> la Comisi\u00f3n Europea ha estado utilizando un enfoque mucho m\u00e1s agresivo para la cobertura de las indicaciones geogr\u00e1ficas (IG), y est\u00e1 trabajando activamente para controlar muchos nombres comunes para los alimentos. Sus acciones indican un deseo de obtener derechos exclusivos sobre nombres utilizados durante mucho tiempo en muchos lugares del mundo fuera de Europa occidental, nombres gen\u00e9ricos por los cuales millones de consumidores reconocen algunos de sus alimentos favoritos. Algunos otros pa\u00edses parecen estar avanzando hacia la adopci\u00f3n de este modelo de alcance excesivo tambi\u00e9n.<\/span><\/p>\n<p><span style=\"color: #993366;\">Ejemplos de nombres comunes incluyen estos para quesos y productos c\u00e1rnicos familiares, as\u00ed como otras especialidades agr\u00edcolas:<\/span><\/p>\n<ul>\n<li><span style=\"color: #993366;\"><strong><em>Asiago, Bolonia, chorizo, feta, gorgonzola, gruyere, kielbasa, parmesano, jam\u00f3n, provolone, romano y salami, as\u00ed como t\u00e9rminos utilizados por los en\u00f3logos como \u00abcl\u00e1sico\u00bb, \u00abvintage\u00bb, \u00abfino\u00bb y \u00absuperior\u00bb.<\/em><\/strong><\/span><\/li>\n<\/ul>\n<p><span style=\"color: #993366;\">De hecho, al menos tanto queso feta y parmesano se elaboran <em>fuera<\/em> de la UE como dentro de ella. La producci\u00f3n de provolone es m\u00e1s de 15 veces mayor fuera de la UE. Argumentar que un peque\u00f1o grupo de productores de la UE deber\u00eda tener el derecho exclusivo de usar tales nombres es como afirmar que solo los italianos deber\u00edan poder usar el t\u00e9rmino \u00abpizza\u00bb.<\/span><\/p>\n<p><span style=\"color: #993366;\">Adem\u00e1s, la popularidad mundial de estos alimentos en muchos casos no se debe a las acciones de los poseedores de indicaciones geogr\u00e1ficas, sino al ingenio, los recursos y el capital dedicado a estos productos por muchos productores de todo el mundo. Cuando se consideran quesos como el asiago, la mozzarella fresca y el parmesano, por ejemplo, es la producci\u00f3n fuera del pa\u00eds de origen la que ha aumentado exponencialmente la comerciabilidad del producto en todo el mundo, y que, de hecho, ha ayudado a elevar la asociaci\u00f3n de calidad y la rentabilidad de las propias indicaciones geogr\u00e1ficas (por ejemplo, Parmigiano Reggiano y Mozzarella di Bufala Campana).<\/span><\/p>\n<h3><span style=\"color: #993366;\">Si no se controlan, los esfuerzos de la CE erosionar\u00e1n y da\u00f1ar\u00e1n las ventas de muchos productos alimenticios populares en todo el mundo.<\/span><\/h3>\n<p><span style=\"color: #993366;\">La Comisi\u00f3n Europea est\u00e1 avanzando silenciosamente a trav\u00e9s de acuerdos de libre comercio y otras negociaciones comerciales que ponen en gran riesgo el uso continuo de nombres comunes de alimentos. Las decisiones judiciales en la UE en la \u00faltima d\u00e9cada plantean a\u00fan m\u00e1s preocupaciones sobre el alcance total de las intenciones finales de la Comisi\u00f3n Europea.<\/span><\/p>\n<p><span style=\"color: #993366;\">Si no se controlan, estos esfuerzos erosionar\u00e1n y da\u00f1ar\u00e1n las ventas de muchos productos alimenticios populares en todo el mundo. Los consumidores ya no reconocer\u00e1n productos familiares. Muchos productores y exportadores se ver\u00e1n obligados a considerar el dif\u00edcil y costoso esfuerzo de volver a etiquetar y cambiar la marca de los productos, lo que afecta la comerciabilidad y disminuye el valor de las marcas reconocidas internacionalmente, al tiempo que confunde a los consumidores.<\/span><\/p>\n","protected":false},"excerpt":{"rendered":"<p>Proporcionar un foro para las objeciones de la comunidad internacional al tiempo que se abordan positivamente las formas de avanzar de manera justa. Muchos quesos, carnes, cervezas y otros alimentos conocidos tienen sus or\u00edgenes en Europa, pero gracias a d\u00e9cadas de comercio y la emigraci\u00f3n de artesanos de alimentos individuales, estos productos ahora se fabrican [&hellip;]<\/p>\n","protected":false},"author":1,"featured_media":0,"parent":0,"menu_order":20,"comment_status":"closed","ping_status":"closed","template":"","meta":{"_acf_changed":false,"footnotes":""},"acf":[],"yoast_head":"<!-- This site is optimized with the Yoast SEO plugin v23.0 - https:\/\/yoast.com\/wordpress\/plugins\/seo\/ -->\n<title>Avanzar de manera justa - Qu\u00e9 hacemos | CCFN<\/title>\n<meta name=\"robots\" content=\"index, follow, max-snippet:-1, max-image-preview:large, max-video-preview:-1\" \/>\n<link rel=\"canonical\" href=\"https:\/\/www.commonfoodnames.com\/es\/que-hacemos\/\" \/>\n<meta property=\"og:locale\" content=\"es_ES\" \/>\n<meta property=\"og:type\" content=\"article\" \/>\n<meta property=\"og:title\" content=\"Avanzar de manera justa - Qu\u00e9 hacemos | CCFN\" \/>\n<meta property=\"og:description\" content=\"Proporcionar un foro para las objeciones de la comunidad internacional al tiempo que se abordan positivamente las formas de avanzar de manera justa. Muchos quesos, carnes, cervezas y otros alimentos conocidos tienen sus or\u00edgenes en Europa, pero gracias a d\u00e9cadas de comercio y la emigraci\u00f3n de artesanos de alimentos individuales, estos productos ahora se fabrican [&hellip;]\" \/>\n<meta property=\"og:url\" content=\"https:\/\/www.commonfoodnames.com\/es\/que-hacemos\/\" \/>\n<meta property=\"og:site_name\" content=\"CCFN\" \/>\n<meta name=\"twitter:card\" content=\"summary_large_image\" \/>\n<meta name=\"twitter:label1\" content=\"Tiempo de lectura\" \/>\n\t<meta name=\"twitter:data1\" content=\"4 minutos\" \/>\n<script type=\"application\/ld+json\" class=\"yoast-schema-graph\">{\"@context\":\"https:\/\/schema.org\",\"@graph\":[{\"@type\":\"WebPage\",\"@id\":\"https:\/\/www.commonfoodnames.com\/es\/que-hacemos\/\",\"url\":\"https:\/\/www.commonfoodnames.com\/es\/que-hacemos\/\",\"name\":\"Avanzar de manera justa - Qu\u00e9 hacemos | CCFN\",\"isPartOf\":{\"@id\":\"https:\/\/www.commonfoodnames.com\/#website\"},\"datePublished\":\"2022-11-02T14:21:24+00:00\",\"dateModified\":\"2022-11-02T14:21:24+00:00\",\"breadcrumb\":{\"@id\":\"https:\/\/www.commonfoodnames.com\/es\/que-hacemos\/#breadcrumb\"},\"inLanguage\":\"es\",\"potentialAction\":[{\"@type\":\"ReadAction\",\"target\":[\"https:\/\/www.commonfoodnames.com\/es\/que-hacemos\/\"]}]},{\"@type\":\"BreadcrumbList\",\"@id\":\"https:\/\/www.commonfoodnames.com\/es\/que-hacemos\/#breadcrumb\",\"itemListElement\":[{\"@type\":\"ListItem\",\"position\":1,\"name\":\"Home\",\"item\":\"https:\/\/www.commonfoodnames.com\/es\/hogar\/\"},{\"@type\":\"ListItem\",\"position\":2,\"name\":\"Qu\u00e9 hacemos\"}]},{\"@type\":\"WebSite\",\"@id\":\"https:\/\/www.commonfoodnames.com\/#website\",\"url\":\"https:\/\/www.commonfoodnames.com\/\",\"name\":\"CCFN\",\"description\":\"\",\"potentialAction\":[{\"@type\":\"SearchAction\",\"target\":{\"@type\":\"EntryPoint\",\"urlTemplate\":\"https:\/\/www.commonfoodnames.com\/?s={search_term_string}\"},\"query-input\":\"required name=search_term_string\"}],\"inLanguage\":\"es\"}]}<\/script>\n<!-- \/ Yoast SEO plugin. -->","yoast_head_json":{"title":"Avanzar de manera justa - Qu\u00e9 hacemos | CCFN","robots":{"index":"index","follow":"follow","max-snippet":"max-snippet:-1","max-image-preview":"max-image-preview:large","max-video-preview":"max-video-preview:-1"},"canonical":"https:\/\/www.commonfoodnames.com\/es\/que-hacemos\/","og_locale":"es_ES","og_type":"article","og_title":"Avanzar de manera justa - Qu\u00e9 hacemos | CCFN","og_description":"Proporcionar un foro para las objeciones de la comunidad internacional al tiempo que se abordan positivamente las formas de avanzar de manera justa. Muchos quesos, carnes, cervezas y otros alimentos conocidos tienen sus or\u00edgenes en Europa, pero gracias a d\u00e9cadas de comercio y la emigraci\u00f3n de artesanos de alimentos individuales, estos productos ahora se fabrican [&hellip;]","og_url":"https:\/\/www.commonfoodnames.com\/es\/que-hacemos\/","og_site_name":"CCFN","twitter_card":"summary_large_image","twitter_misc":{"Tiempo de lectura":"4 minutos"},"schema":{"@context":"https:\/\/schema.org","@graph":[{"@type":"WebPage","@id":"https:\/\/www.commonfoodnames.com\/es\/que-hacemos\/","url":"https:\/\/www.commonfoodnames.com\/es\/que-hacemos\/","name":"Avanzar de manera justa - Qu\u00e9 hacemos | CCFN","isPartOf":{"@id":"https:\/\/www.commonfoodnames.com\/#website"},"datePublished":"2022-11-02T14:21:24+00:00","dateModified":"2022-11-02T14:21:24+00:00","breadcrumb":{"@id":"https:\/\/www.commonfoodnames.com\/es\/que-hacemos\/#breadcrumb"},"inLanguage":"es","potentialAction":[{"@type":"ReadAction","target":["https:\/\/www.commonfoodnames.com\/es\/que-hacemos\/"]}]},{"@type":"BreadcrumbList","@id":"https:\/\/www.commonfoodnames.com\/es\/que-hacemos\/#breadcrumb","itemListElement":[{"@type":"ListItem","position":1,"name":"Home","item":"https:\/\/www.commonfoodnames.com\/es\/hogar\/"},{"@type":"ListItem","position":2,"name":"Qu\u00e9 hacemos"}]},{"@type":"WebSite","@id":"https:\/\/www.commonfoodnames.com\/#website","url":"https:\/\/www.commonfoodnames.com\/","name":"CCFN","description":"","potentialAction":[{"@type":"SearchAction","target":{"@type":"EntryPoint","urlTemplate":"https:\/\/www.commonfoodnames.com\/?s={search_term_string}"},"query-input":"required name=search_term_string"}],"inLanguage":"es"}]}},"_links":{"self":[{"href":"https:\/\/www.commonfoodnames.com\/es\/wp-json\/wp\/v2\/pages\/5802"}],"collection":[{"href":"https:\/\/www.commonfoodnames.com\/es\/wp-json\/wp\/v2\/pages"}],"about":[{"href":"https:\/\/www.commonfoodnames.com\/es\/wp-json\/wp\/v2\/types\/page"}],"author":[{"embeddable":true,"href":"https:\/\/www.commonfoodnames.com\/es\/wp-json\/wp\/v2\/users\/1"}],"replies":[{"embeddable":true,"href":"https:\/\/www.commonfoodnames.com\/es\/wp-json\/wp\/v2\/comments?post=5802"}],"version-history":[{"count":0,"href":"https:\/\/www.commonfoodnames.com\/es\/wp-json\/wp\/v2\/pages\/5802\/revisions"}],"wp:attachment":[{"href":"https:\/\/www.commonfoodnames.com\/es\/wp-json\/wp\/v2\/media?parent=5802"}],"curies":[{"name":"wp","href":"https:\/\/api.w.org\/{rel}","templated":true}]}}