{"id":5806,"date":"2022-11-02T14:22:04","date_gmt":"2022-11-02T14:22:04","guid":{"rendered":"https:\/\/www.commonfoodnames.com\/por-que-importan-los-nombres-comunes\/por-que-es-importante\/"},"modified":"2023-08-11T13:29:16","modified_gmt":"2023-08-11T13:29:16","slug":"por-que-es-importante","status":"publish","type":"page","link":"https:\/\/www.commonfoodnames.com\/es\/por-que-importan-los-nombres-comunes\/por-que-es-importante\/","title":{"rendered":"Por qu\u00e9 es importante"},"content":{"rendered":"<p><span style=\"color: #008000;\">Anteriormente lo que estaba en juego<\/span><\/p>\n<p><span style=\"color: #ff0000;\">Las noticias se pueden etiquetar aqu\u00ed<\/span><\/p>\n<hr>\n<h3><span style=\"color: #993366;\">Trabajar para crear un sistema justo y rentable para todos.<\/span><\/h3>\n<p><span style=\"color: #993366;\"><strong>La popularidad de Asiago expande todo el mercado.<\/strong><\/span><\/p>\n<p><span style=\"color: #993366;\">Desde 1977 existe una norma federal sobre c\u00f3mo elaborar la categor\u00eda de queso asiago (casi 20 a\u00f1os antes de que la CE otorgara el reconocimiento de la indicaci\u00f3n geogr\u00e1fica a asiago para uso exclusivo dentro de la UE). A pesar de su uso prolongado en las Am\u00e9ricas, el consumo de queso asiago en los Estados Unidos fue relativamente limitado hasta que algunas lecher\u00edas estadounidenses aumentaron la producci\u00f3n y la cadena de restaurantes Panera Bread comenz\u00f3 a vender bagels asiago.<\/span><\/p>\n<p><span style=\"color: #993366;\">Panera ha vendido millones de bagels asiago, y los consumidores estadounidenses est\u00e1n muy familiarizados con el queso asiago. Esto no se debe a los productores de asiago en Italia, sino a los productores en los Estados Unidos y en todo el mundo que han estado fabricando y comercializando este producto durante a\u00f1os. Muchas otras cadenas importantes de restaurantes ahora usan queso asiago, y la mayor parte no es importado de Italia. Pero, de hecho, estos esfuerzos han jugado un papel importante en la apertura de mercados a mayores importaciones de asiago desde Italia, que anteriormente no hab\u00eda exportado gran parte de ese tipo de queso a pa\u00edses como Estados Unidos.<\/span><\/p>\n<hr>\n<h3><span style=\"color: #993366;\">Lo que est\u00e1 en juego:<\/span><\/h3>\n<p><span style=\"color: #993366;\"><strong>Para los consumidores&#8230;<\/strong><\/span><\/p>\n<ul>\n<li><span style=\"color: #993366;\">Precios m\u00e1s altos como resultado de una menor competencia dentro de una categor\u00eda de productos reconocible<\/span><\/li>\n<li><span style=\"color: #993366;\">Menos opciones en las tiendas<\/span><\/li>\n<li><span style=\"color: #993366;\">Confusi\u00f3n sobre sus productos y marcas favoritas<\/span><\/li>\n<\/ul>\n<p><span style=\"color: #993366;\"><strong>Para los agricultores&#8230;<\/strong><\/span><\/p>\n<ul>\n<li><span style=\"color: #993366;\">P\u00e9rdida de demanda de productos crudos a medida que las ventas de alimentos con nombres comunes se ven afectadas<\/span><\/li>\n<li><span style=\"color: #993366;\">Precios m\u00e1s bajos para los agricultores debido a la p\u00e9rdida de cuota de mercado<\/span><\/li>\n<\/ul>\n<p><span style=\"color: #993366;\"><strong>Para los productores y exportadores de alimentos que tienen prohibido usar nombres comunes&#8230;<\/strong><\/span><\/p>\n<ul>\n<li><span style=\"color: #993366;\">P\u00e9rdida de mercados que se han construido durante muchos a\u00f1os<\/span><\/li>\n<li><span style=\"color: #993366;\">P\u00e9rdida de a\u00f1os de inversiones y capital masivo a trav\u00e9s de costosos esfuerzos para reetiquetar y cambiar la marca de los productos<\/span><\/li>\n<li><span style=\"color: #993366;\">P\u00e9rdida de conciencia y lealtad del consumidor<\/span><\/li>\n<li><span style=\"color: #993366;\">P\u00e9rdida de valor de sus activos m\u00e1s importantes: sus marcas<\/span><\/li>\n<\/ul>\n<p><span style=\"color: #993366;\"><strong>Para los productores de alimentos con nombres protegidos&#8230;<\/strong><\/span><\/p>\n<ul>\n<li><span style=\"color: #993366;\">Menos reconocimiento a nivel mundial por su producto, por lo que menores exportaciones potenciales a largo plazo. (Vea el ejemplo de asiago a continuaci\u00f3n)<\/span><\/li>\n<\/ul>\n<p><span style=\"color: #993366;\"><strong>Para minoristas&#8230;<\/strong><\/span><\/p>\n<ul>\n<li><span style=\"color: #993366;\">Menos ventas de productos favoritos, y preguntas y comentarios de consumidores leales<\/span><\/li>\n<li><span style=\"color: #993366;\">Selecciones restringidas de productos reconocibles<\/span><\/li>\n<li><span style=\"color: #993366;\">M\u00e1rgenes m\u00e1s reducidos debido a los derechos exclusivos de los nombres comunes<\/span><\/li>\n<\/ul>\n<hr>\n<h3><span style=\"color: #993366;\">Promover el crecimiento del mercado para todos los productores.<\/span><\/h3>\n<p><span style=\"color: #993366;\">El Consorcio considera que, en \u00faltima instancia, los intentos de restringir los nombres comunes son contraproducentes para todos los interesados. La producci\u00f3n de productos similares fuera de Europa puede ayudar a hacer crecer a\u00fan m\u00e1s el mercado para todos, incluidos los productores europeos.<\/span><\/p>\n<p><span style=\"color: #993366;\">Al igual que asiago, Mozzarella di Bufala Campana ser\u00eda una indicaci\u00f3n geogr\u00e1fica mucho menos valiosa si los productores de queso de todo el mundo no hubieran desarrollado, durante muchas generaciones, un mercado para el tipo de queso conocido como mozzarella.<\/span><\/p>\n","protected":false},"excerpt":{"rendered":"<p>Anteriormente lo que estaba en juego Las noticias se pueden etiquetar aqu\u00ed Trabajar para crear un sistema justo y rentable para todos. La popularidad de Asiago expande todo el mercado. Desde 1977 existe una norma federal sobre c\u00f3mo elaborar la categor\u00eda de queso asiago (casi 20 a\u00f1os antes de que la CE otorgara el reconocimiento [&hellip;]<\/p>\n","protected":false},"author":1,"featured_media":0,"parent":5803,"menu_order":10,"comment_status":"closed","ping_status":"closed","template":"","meta":{"_acf_changed":false,"footnotes":""},"acf":[],"yoast_head":"<!-- This site is optimized with the Yoast SEO plugin v23.0 - https:\/\/yoast.com\/wordpress\/plugins\/seo\/ -->\n<title>Por qu\u00e9 son importantes los nombres comunes | CCFN<\/title>\n<meta name=\"robots\" content=\"index, follow, max-snippet:-1, max-image-preview:large, max-video-preview:-1\" \/>\n<link rel=\"canonical\" href=\"https:\/\/www.commonfoodnames.com\/es\/por-que-importan-los-nombres-comunes\/por-que-es-importante\/\" \/>\n<meta property=\"og:locale\" content=\"es_ES\" \/>\n<meta property=\"og:type\" content=\"article\" \/>\n<meta property=\"og:title\" content=\"Por qu\u00e9 son importantes los nombres comunes | CCFN\" \/>\n<meta property=\"og:description\" content=\"Anteriormente lo que estaba en juego Las noticias se pueden etiquetar aqu\u00ed Trabajar para crear un sistema justo y rentable para todos. La popularidad de Asiago expande todo el mercado. Desde 1977 existe una norma federal sobre c\u00f3mo elaborar la categor\u00eda de queso asiago (casi 20 a\u00f1os antes de que la CE otorgara el reconocimiento [&hellip;]\" \/>\n<meta property=\"og:url\" content=\"https:\/\/www.commonfoodnames.com\/es\/por-que-importan-los-nombres-comunes\/por-que-es-importante\/\" \/>\n<meta property=\"og:site_name\" content=\"CCFN\" \/>\n<meta property=\"article:modified_time\" content=\"2023-08-11T13:29:16+00:00\" \/>\n<meta name=\"twitter:card\" content=\"summary_large_image\" \/>\n<meta name=\"twitter:label1\" content=\"Tiempo de lectura\" \/>\n\t<meta name=\"twitter:data1\" content=\"3 minutos\" \/>\n<script type=\"application\/ld+json\" class=\"yoast-schema-graph\">{\"@context\":\"https:\/\/schema.org\",\"@graph\":[{\"@type\":\"WebPage\",\"@id\":\"https:\/\/www.commonfoodnames.com\/es\/por-que-importan-los-nombres-comunes\/por-que-es-importante\/\",\"url\":\"https:\/\/www.commonfoodnames.com\/es\/por-que-importan-los-nombres-comunes\/por-que-es-importante\/\",\"name\":\"Por qu\u00e9 son importantes los nombres comunes | CCFN\",\"isPartOf\":{\"@id\":\"https:\/\/www.commonfoodnames.com\/#website\"},\"datePublished\":\"2022-11-02T14:22:04+00:00\",\"dateModified\":\"2023-08-11T13:29:16+00:00\",\"breadcrumb\":{\"@id\":\"https:\/\/www.commonfoodnames.com\/es\/por-que-importan-los-nombres-comunes\/por-que-es-importante\/#breadcrumb\"},\"inLanguage\":\"es\",\"potentialAction\":[{\"@type\":\"ReadAction\",\"target\":[\"https:\/\/www.commonfoodnames.com\/es\/por-que-importan-los-nombres-comunes\/por-que-es-importante\/\"]}]},{\"@type\":\"BreadcrumbList\",\"@id\":\"https:\/\/www.commonfoodnames.com\/es\/por-que-importan-los-nombres-comunes\/por-que-es-importante\/#breadcrumb\",\"itemListElement\":[{\"@type\":\"ListItem\",\"position\":1,\"name\":\"Home\",\"item\":\"https:\/\/www.commonfoodnames.com\/es\/hogar\/\"},{\"@type\":\"ListItem\",\"position\":2,\"name\":\"Por qu\u00e9 importan los nombres comunes\",\"item\":\"https:\/\/www.commonfoodnames.com\/por-que-importan-los-nombres-comunes\/\"},{\"@type\":\"ListItem\",\"position\":3,\"name\":\"Por qu\u00e9 es importante\"}]},{\"@type\":\"WebSite\",\"@id\":\"https:\/\/www.commonfoodnames.com\/#website\",\"url\":\"https:\/\/www.commonfoodnames.com\/\",\"name\":\"CCFN\",\"description\":\"\",\"potentialAction\":[{\"@type\":\"SearchAction\",\"target\":{\"@type\":\"EntryPoint\",\"urlTemplate\":\"https:\/\/www.commonfoodnames.com\/?s={search_term_string}\"},\"query-input\":\"required name=search_term_string\"}],\"inLanguage\":\"es\"}]}<\/script>\n<!-- \/ Yoast SEO plugin. -->","yoast_head_json":{"title":"Por qu\u00e9 son importantes los nombres comunes | CCFN","robots":{"index":"index","follow":"follow","max-snippet":"max-snippet:-1","max-image-preview":"max-image-preview:large","max-video-preview":"max-video-preview:-1"},"canonical":"https:\/\/www.commonfoodnames.com\/es\/por-que-importan-los-nombres-comunes\/por-que-es-importante\/","og_locale":"es_ES","og_type":"article","og_title":"Por qu\u00e9 son importantes los nombres comunes | CCFN","og_description":"Anteriormente lo que estaba en juego Las noticias se pueden etiquetar aqu\u00ed Trabajar para crear un sistema justo y rentable para todos. La popularidad de Asiago expande todo el mercado. Desde 1977 existe una norma federal sobre c\u00f3mo elaborar la categor\u00eda de queso asiago (casi 20 a\u00f1os antes de que la CE otorgara el reconocimiento [&hellip;]","og_url":"https:\/\/www.commonfoodnames.com\/es\/por-que-importan-los-nombres-comunes\/por-que-es-importante\/","og_site_name":"CCFN","article_modified_time":"2023-08-11T13:29:16+00:00","twitter_card":"summary_large_image","twitter_misc":{"Tiempo de lectura":"3 minutos"},"schema":{"@context":"https:\/\/schema.org","@graph":[{"@type":"WebPage","@id":"https:\/\/www.commonfoodnames.com\/es\/por-que-importan-los-nombres-comunes\/por-que-es-importante\/","url":"https:\/\/www.commonfoodnames.com\/es\/por-que-importan-los-nombres-comunes\/por-que-es-importante\/","name":"Por qu\u00e9 son importantes los nombres comunes | CCFN","isPartOf":{"@id":"https:\/\/www.commonfoodnames.com\/#website"},"datePublished":"2022-11-02T14:22:04+00:00","dateModified":"2023-08-11T13:29:16+00:00","breadcrumb":{"@id":"https:\/\/www.commonfoodnames.com\/es\/por-que-importan-los-nombres-comunes\/por-que-es-importante\/#breadcrumb"},"inLanguage":"es","potentialAction":[{"@type":"ReadAction","target":["https:\/\/www.commonfoodnames.com\/es\/por-que-importan-los-nombres-comunes\/por-que-es-importante\/"]}]},{"@type":"BreadcrumbList","@id":"https:\/\/www.commonfoodnames.com\/es\/por-que-importan-los-nombres-comunes\/por-que-es-importante\/#breadcrumb","itemListElement":[{"@type":"ListItem","position":1,"name":"Home","item":"https:\/\/www.commonfoodnames.com\/es\/hogar\/"},{"@type":"ListItem","position":2,"name":"Por qu\u00e9 importan los nombres comunes","item":"https:\/\/www.commonfoodnames.com\/por-que-importan-los-nombres-comunes\/"},{"@type":"ListItem","position":3,"name":"Por qu\u00e9 es importante"}]},{"@type":"WebSite","@id":"https:\/\/www.commonfoodnames.com\/#website","url":"https:\/\/www.commonfoodnames.com\/","name":"CCFN","description":"","potentialAction":[{"@type":"SearchAction","target":{"@type":"EntryPoint","urlTemplate":"https:\/\/www.commonfoodnames.com\/?s={search_term_string}"},"query-input":"required name=search_term_string"}],"inLanguage":"es"}]}},"_links":{"self":[{"href":"https:\/\/www.commonfoodnames.com\/es\/wp-json\/wp\/v2\/pages\/5806"}],"collection":[{"href":"https:\/\/www.commonfoodnames.com\/es\/wp-json\/wp\/v2\/pages"}],"about":[{"href":"https:\/\/www.commonfoodnames.com\/es\/wp-json\/wp\/v2\/types\/page"}],"author":[{"embeddable":true,"href":"https:\/\/www.commonfoodnames.com\/es\/wp-json\/wp\/v2\/users\/1"}],"replies":[{"embeddable":true,"href":"https:\/\/www.commonfoodnames.com\/es\/wp-json\/wp\/v2\/comments?post=5806"}],"version-history":[{"count":1,"href":"https:\/\/www.commonfoodnames.com\/es\/wp-json\/wp\/v2\/pages\/5806\/revisions"}],"predecessor-version":[{"id":5807,"href":"https:\/\/www.commonfoodnames.com\/es\/wp-json\/wp\/v2\/pages\/5806\/revisions\/5807"}],"up":[{"embeddable":true,"href":"https:\/\/www.commonfoodnames.com\/es\/wp-json\/wp\/v2\/pages\/5803"}],"wp:attachment":[{"href":"https:\/\/www.commonfoodnames.com\/es\/wp-json\/wp\/v2\/media?parent=5806"}],"curies":[{"name":"wp","href":"https:\/\/api.w.org\/{rel}","templated":true}]}}