{"id":5808,"date":"2022-11-02T14:22:17","date_gmt":"2022-11-02T14:22:17","guid":{"rendered":"https:\/\/www.commonfoodnames.com\/por-que-importan-los-nombres-comunes\/nombres-en-riesgo\/"},"modified":"2022-11-02T14:22:17","modified_gmt":"2022-11-02T14:22:17","slug":"nombres-en-riesgo","status":"publish","type":"page","link":"https:\/\/www.commonfoodnames.com\/es\/por-que-importan-los-nombres-comunes\/nombres-en-riesgo\/","title":{"rendered":"Nombres en riesgo"},"content":{"rendered":"<p><span style=\"color: #008000;\">Tambi\u00e9n envolver en Gis sali\u00f3 mal<\/span><\/p>\n<p><span style=\"color: #ff0000;\">Las noticias se pueden etiquetar aqu\u00ed<\/span><\/p>\n<hr>\n<h3><span style=\"color: #993366;\">Las indicaciones geogr\u00e1ficas salieron mal<\/span><\/h3>\n<p><span style=\"color: #993366;\"><strong>Problemas con el parmesano<\/strong><\/span><\/p>\n<p><span style=\"color: #993366;\">El nombre \u00abParmigiano Reggiano\u00bb fue acu\u00f1ado en 1934 por un consorcio interprovincial italiano y se le concedi\u00f3 el estatus de protecci\u00f3n en 1954. Durante m\u00e1s de medio siglo despu\u00e9s de ese tiempo, los productores italianos fueron libres de comercializar su queso bajo esta denominaci\u00f3n \u00fanica y reconocible. Para el resto del mundo, el t\u00e9rmino \u00abparmesano\u00bb lleg\u00f3 a ser utilizado como un identificador gen\u00e9rico para diferenciar otros quesos rallados secos de un estilo comparable.<\/span><\/p>\n<p><span style=\"color: #993366;\">En 2008, despu\u00e9s de 54 a\u00f1os de clara diferenciaci\u00f3n entre \u00abparmesano\u00bb y \u00abparmesano reggiano\u00bb, y a pesar de que la producci\u00f3n mundial de parmesano fuera de Italia empeque\u00f1ec\u00eda la producida dentro del pa\u00eds, el Tribunal de Justicia Europeo dictamin\u00f3 que el registro de la indicaci\u00f3n geogr\u00e1fica (IG) \u00abParmigiano Reggiano\u00bb hac\u00eda ilegal en la Uni\u00f3n Europea (UE) utilizar el nombre \u00abparmesano\u00bb para cualquier queso producido fuera de Parma.  Italia, regi\u00f3n.<\/span><\/p>\n<p><span style=\"color: #993366;\">Esta controvertida decisi\u00f3n se tom\u00f3 a pesar de la producci\u00f3n generalizada y de larga duraci\u00f3n de parmesano en regiones fuera de Parma, incluso dentro de otras \u00e1reas de la UE.<\/span><\/p>\n<p><span style=\"color: #993366;\"><strong>Grilletes en Feta<\/strong><\/span><\/p>\n<p><span style=\"color: #993366;\">Si bien normalmente se espera que las indicaciones geogr\u00e1ficas tengan un componente geogr\u00e1fico espec\u00edfico que tenga una conexi\u00f3n \u00fanica con el producto, la palabra \u00abfeta\u00bb no es de hecho un lugar en Grecia ni siquiera el nombre del queso solo, es simplemente la palabra griega para \u00abrebanada\u00bb. Durante mucho tiempo se ha asociado con quesos blancos, salmuerados y desmenuzables en general.<\/span><\/p>\n<p><span style=\"color: #993366;\">En octubre de 2002, la Uni\u00f3n Europea (UE) aprob\u00f3 el \u00abfeta\u00bb como una indicaci\u00f3n geogr\u00e1fica para su uso en toda Grecia, insistiendo en que el follaje y el ganado griegos eran responsables de las cualidades \u00fanicas del queso, a pesar de que las caracter\u00edsticas del terru\u00f1o (los elementos ambientales que afectan al producto final) difer\u00edan dram\u00e1ticamente en todo ese pa\u00eds. Adem\u00e1s, en el momento de la aprobaci\u00f3n, aproximadamente el 75% del queso feta del mundo se produc\u00eda fuera de Grecia.<\/span><\/p>\n<p><span style=\"color: #993366;\">Hist\u00f3ricamente hecho en toda la regi\u00f3n de los Balcanes, el feta se estaba haciendo en Dinamarca, los Pa\u00edses Bajos, Alemania, Francia, Turqu\u00eda, los Estados Unidos y Ocean\u00eda, entre otros, en el momento de la sentencia.<\/span><\/p>\n<p><span style=\"color: #993366;\">Como los daneses lo expresaron tan acertadamente poco despu\u00e9s de este fallo equivocado, \u00abLa puerta ahora est\u00e1 abierta para que otros quesos como el cheddar o el camembert soliciten el estatus de DOP &#8230; \u00bfY por qu\u00e9 deber\u00eda detenerse all\u00ed? \u00bfPodr\u00edamos ver a Gran Breta\u00f1a registrando el nombre de tocino, o a Italia registrando pizza?\u00bb  <em>\u2013 Hans Bender, Danish Dairy Board, Just-Food, 2005<\/em><\/span><\/p>\n","protected":false},"excerpt":{"rendered":"<p>Tambi\u00e9n envolver en Gis sali\u00f3 mal Las noticias se pueden etiquetar aqu\u00ed Las indicaciones geogr\u00e1ficas salieron mal Problemas con el parmesano El nombre \u00abParmigiano Reggiano\u00bb fue acu\u00f1ado en 1934 por un consorcio interprovincial italiano y se le concedi\u00f3 el estatus de protecci\u00f3n en 1954. Durante m\u00e1s de medio siglo despu\u00e9s de ese tiempo, los productores [&hellip;]<\/p>\n","protected":false},"author":1,"featured_media":0,"parent":5803,"menu_order":20,"comment_status":"closed","ping_status":"closed","template":"","meta":{"_acf_changed":false,"footnotes":""},"acf":[],"yoast_head":"<!-- This site is optimized with the Yoast SEO plugin v23.0 - https:\/\/yoast.com\/wordpress\/plugins\/seo\/ -->\n<title>Nombres en riesgo | Consorcio de Nombres Comunes de Alimentos<\/title>\n<meta name=\"robots\" content=\"index, follow, max-snippet:-1, max-image-preview:large, max-video-preview:-1\" \/>\n<link rel=\"canonical\" href=\"https:\/\/www.commonfoodnames.com\/es\/por-que-importan-los-nombres-comunes\/nombres-en-riesgo\/\" \/>\n<meta property=\"og:locale\" content=\"es_ES\" \/>\n<meta property=\"og:type\" content=\"article\" \/>\n<meta property=\"og:title\" content=\"Nombres en riesgo | Consorcio de Nombres Comunes de Alimentos\" \/>\n<meta property=\"og:description\" content=\"Tambi\u00e9n envolver en Gis sali\u00f3 mal Las noticias se pueden etiquetar aqu\u00ed Las indicaciones geogr\u00e1ficas salieron mal Problemas con el parmesano El nombre \u00abParmigiano Reggiano\u00bb fue acu\u00f1ado en 1934 por un consorcio interprovincial italiano y se le concedi\u00f3 el estatus de protecci\u00f3n en 1954. Durante m\u00e1s de medio siglo despu\u00e9s de ese tiempo, los productores [&hellip;]\" \/>\n<meta property=\"og:url\" content=\"https:\/\/www.commonfoodnames.com\/es\/por-que-importan-los-nombres-comunes\/nombres-en-riesgo\/\" \/>\n<meta property=\"og:site_name\" content=\"CCFN\" \/>\n<meta name=\"twitter:card\" content=\"summary_large_image\" \/>\n<meta name=\"twitter:label1\" content=\"Tiempo de lectura\" \/>\n\t<meta name=\"twitter:data1\" content=\"2 minutos\" \/>\n<script type=\"application\/ld+json\" class=\"yoast-schema-graph\">{\"@context\":\"https:\/\/schema.org\",\"@graph\":[{\"@type\":\"WebPage\",\"@id\":\"https:\/\/www.commonfoodnames.com\/es\/por-que-importan-los-nombres-comunes\/nombres-en-riesgo\/\",\"url\":\"https:\/\/www.commonfoodnames.com\/es\/por-que-importan-los-nombres-comunes\/nombres-en-riesgo\/\",\"name\":\"Nombres en riesgo | Consorcio de Nombres Comunes de Alimentos\",\"isPartOf\":{\"@id\":\"https:\/\/www.commonfoodnames.com\/#website\"},\"datePublished\":\"2022-11-02T14:22:17+00:00\",\"dateModified\":\"2022-11-02T14:22:17+00:00\",\"breadcrumb\":{\"@id\":\"https:\/\/www.commonfoodnames.com\/es\/por-que-importan-los-nombres-comunes\/nombres-en-riesgo\/#breadcrumb\"},\"inLanguage\":\"es\",\"potentialAction\":[{\"@type\":\"ReadAction\",\"target\":[\"https:\/\/www.commonfoodnames.com\/es\/por-que-importan-los-nombres-comunes\/nombres-en-riesgo\/\"]}]},{\"@type\":\"BreadcrumbList\",\"@id\":\"https:\/\/www.commonfoodnames.com\/es\/por-que-importan-los-nombres-comunes\/nombres-en-riesgo\/#breadcrumb\",\"itemListElement\":[{\"@type\":\"ListItem\",\"position\":1,\"name\":\"Home\",\"item\":\"https:\/\/www.commonfoodnames.com\/es\/hogar\/\"},{\"@type\":\"ListItem\",\"position\":2,\"name\":\"Por qu\u00e9 importan los nombres comunes\",\"item\":\"https:\/\/www.commonfoodnames.com\/por-que-importan-los-nombres-comunes\/\"},{\"@type\":\"ListItem\",\"position\":3,\"name\":\"Nombres en riesgo\"}]},{\"@type\":\"WebSite\",\"@id\":\"https:\/\/www.commonfoodnames.com\/#website\",\"url\":\"https:\/\/www.commonfoodnames.com\/\",\"name\":\"CCFN\",\"description\":\"\",\"potentialAction\":[{\"@type\":\"SearchAction\",\"target\":{\"@type\":\"EntryPoint\",\"urlTemplate\":\"https:\/\/www.commonfoodnames.com\/?s={search_term_string}\"},\"query-input\":\"required name=search_term_string\"}],\"inLanguage\":\"es\"}]}<\/script>\n<!-- \/ Yoast SEO plugin. -->","yoast_head_json":{"title":"Nombres en riesgo | Consorcio de Nombres Comunes de Alimentos","robots":{"index":"index","follow":"follow","max-snippet":"max-snippet:-1","max-image-preview":"max-image-preview:large","max-video-preview":"max-video-preview:-1"},"canonical":"https:\/\/www.commonfoodnames.com\/es\/por-que-importan-los-nombres-comunes\/nombres-en-riesgo\/","og_locale":"es_ES","og_type":"article","og_title":"Nombres en riesgo | Consorcio de Nombres Comunes de Alimentos","og_description":"Tambi\u00e9n envolver en Gis sali\u00f3 mal Las noticias se pueden etiquetar aqu\u00ed Las indicaciones geogr\u00e1ficas salieron mal Problemas con el parmesano El nombre \u00abParmigiano Reggiano\u00bb fue acu\u00f1ado en 1934 por un consorcio interprovincial italiano y se le concedi\u00f3 el estatus de protecci\u00f3n en 1954. Durante m\u00e1s de medio siglo despu\u00e9s de ese tiempo, los productores [&hellip;]","og_url":"https:\/\/www.commonfoodnames.com\/es\/por-que-importan-los-nombres-comunes\/nombres-en-riesgo\/","og_site_name":"CCFN","twitter_card":"summary_large_image","twitter_misc":{"Tiempo de lectura":"2 minutos"},"schema":{"@context":"https:\/\/schema.org","@graph":[{"@type":"WebPage","@id":"https:\/\/www.commonfoodnames.com\/es\/por-que-importan-los-nombres-comunes\/nombres-en-riesgo\/","url":"https:\/\/www.commonfoodnames.com\/es\/por-que-importan-los-nombres-comunes\/nombres-en-riesgo\/","name":"Nombres en riesgo | Consorcio de Nombres Comunes de Alimentos","isPartOf":{"@id":"https:\/\/www.commonfoodnames.com\/#website"},"datePublished":"2022-11-02T14:22:17+00:00","dateModified":"2022-11-02T14:22:17+00:00","breadcrumb":{"@id":"https:\/\/www.commonfoodnames.com\/es\/por-que-importan-los-nombres-comunes\/nombres-en-riesgo\/#breadcrumb"},"inLanguage":"es","potentialAction":[{"@type":"ReadAction","target":["https:\/\/www.commonfoodnames.com\/es\/por-que-importan-los-nombres-comunes\/nombres-en-riesgo\/"]}]},{"@type":"BreadcrumbList","@id":"https:\/\/www.commonfoodnames.com\/es\/por-que-importan-los-nombres-comunes\/nombres-en-riesgo\/#breadcrumb","itemListElement":[{"@type":"ListItem","position":1,"name":"Home","item":"https:\/\/www.commonfoodnames.com\/es\/hogar\/"},{"@type":"ListItem","position":2,"name":"Por qu\u00e9 importan los nombres comunes","item":"https:\/\/www.commonfoodnames.com\/por-que-importan-los-nombres-comunes\/"},{"@type":"ListItem","position":3,"name":"Nombres en riesgo"}]},{"@type":"WebSite","@id":"https:\/\/www.commonfoodnames.com\/#website","url":"https:\/\/www.commonfoodnames.com\/","name":"CCFN","description":"","potentialAction":[{"@type":"SearchAction","target":{"@type":"EntryPoint","urlTemplate":"https:\/\/www.commonfoodnames.com\/?s={search_term_string}"},"query-input":"required name=search_term_string"}],"inLanguage":"es"}]}},"_links":{"self":[{"href":"https:\/\/www.commonfoodnames.com\/es\/wp-json\/wp\/v2\/pages\/5808"}],"collection":[{"href":"https:\/\/www.commonfoodnames.com\/es\/wp-json\/wp\/v2\/pages"}],"about":[{"href":"https:\/\/www.commonfoodnames.com\/es\/wp-json\/wp\/v2\/types\/page"}],"author":[{"embeddable":true,"href":"https:\/\/www.commonfoodnames.com\/es\/wp-json\/wp\/v2\/users\/1"}],"replies":[{"embeddable":true,"href":"https:\/\/www.commonfoodnames.com\/es\/wp-json\/wp\/v2\/comments?post=5808"}],"version-history":[{"count":0,"href":"https:\/\/www.commonfoodnames.com\/es\/wp-json\/wp\/v2\/pages\/5808\/revisions"}],"up":[{"embeddable":true,"href":"https:\/\/www.commonfoodnames.com\/es\/wp-json\/wp\/v2\/pages\/5803"}],"wp:attachment":[{"href":"https:\/\/www.commonfoodnames.com\/es\/wp-json\/wp\/v2\/media?parent=5808"}],"curies":[{"name":"wp","href":"https:\/\/api.w.org\/{rel}","templated":true}]}}