{"id":5813,"date":"2022-11-02T14:24:04","date_gmt":"2022-11-02T14:24:04","guid":{"rendered":"https:\/\/www.commonfoodnames.com\/hazte-miembro\/"},"modified":"2022-11-02T14:24:04","modified_gmt":"2022-11-02T14:24:04","slug":"hazte-miembro","status":"publish","type":"page","link":"https:\/\/www.commonfoodnames.com\/es\/hazte-miembro\/","title":{"rendered":"Hazte Miembro"},"content":{"rendered":"<p><span style=\"color: #ff0000;\">Navegaci\u00f3n superior<\/span><\/p>\n<hr>\n<h3><span style=\"color: #800080;\">Beneficios de la membres\u00eda<\/span><\/h3>\n<p><span style=\"color: #800080;\">CCFN brinda una variedad de beneficios a nuestros miembros, incluido el acceso a las marcas comerciales de CCFN para asegurar proactivamente la naturaleza gen\u00e9rica de sus t\u00e9rminos en todo el mundo. Tambi\u00e9n proporcionamos actualizaciones peri\u00f3dicas de un informe sobre el estado de un pa\u00eds, que es un desglose extenso del estado restringido de los nombres comunes de alimentos en todo el mundo. Para complementar el informe, el equipo organiza seminarios web trimestrales de CCFN, donde los miembros brindan orientaci\u00f3n sobre pol\u00edticas al equipo.<\/span><\/p>\n<p><span style=\"color: #800080;\">Aunque es un equipo peque\u00f1o, el trabajo de CCFN es de gran alcance; luchamos contra los intentos de Europa de apoderarse de la cuota de mercado de los fabricantes de quesos y otros alimentos y bebidas mediante el uso indebido del sistema de indicaciones geogr\u00e1ficas. Abordamos este tema en tres frentes principales:<\/span><\/p>\n<ol>\n<li><span style=\"color: #800080;\">Proactivamente protecciones seguras en los Estados Unidos y en los mercados de terceros pa\u00edses<\/span><\/li>\n<li><span style=\"color: #800080;\">Oponerse a las solicitudes de IG y marcas de mala fe en todo el mundo<\/span><\/li>\n<li><span style=\"color: #800080;\">Iniciativas educativas<\/span><\/li>\n<\/ol>\n<hr>\n<h3><span style=\"color: #800080;\">\u00danete a nosotros<\/span><\/h3>\n<p><span style=\"color: #800080;\">\u00a1Gracias por su inter\u00e9s! Las cuotas de membres\u00eda se basan en la categor\u00eda y el tipo de membres\u00eda, como se resume a continuaci\u00f3n. Por favor, proporci\u00f3nenos alguna informaci\u00f3n, y nos pondremos en contacto con usted con m\u00e1s detalles sobre las cuotas y unirse a la organizaci\u00f3n.<\/span><\/p>\n<p><span style=\"color: #800080;\"><strong>La membres\u00eda general<\/strong>, que est\u00e1 compuesta por miembros con derecho a voto, est\u00e1 reservada para productores de alimentos (es decir, procesadores de alimentos, fabricantes), cooperativas, minoristas y empresas comerciales. Las asociaciones y organizaciones comerciales relacionadas con la alimentaci\u00f3n y los agricultores, y los gobiernos y las universidades tambi\u00e9n pueden unirse como miembros generales.<\/span><\/p>\n<p><span style=\"color: #800080;\"><strong>Los Miembros Asociados<\/strong> no son miembros con derecho a voto, pero se unen para demostrar su apoyo a las iniciativas del consorcio y para mantenerse informados de los planes y actividades del consorcio. Esta categor\u00eda incluye empresas, organizaciones y grupos que no incluyen ni representan principalmente a productores de alimentos o agricultores, como proveedores de la industria alimentaria, organizaciones legales o de derechos de propiedad, etc.<\/span><\/p>\n<p><span style=\"color: #800080;\"><em>Complete este formulario y nos pondremos en contacto con usted con detalles sobre la membres\u00eda.<\/em><\/span><\/p>\n<p><span style=\"color: #339966;\">Formulario, campos:<\/span> <a href=\"http:\/\/www.commonfoodnames.com\/about-us\/join-us\/\" target=\"_blank\" rel=\"noopener\">http:\/\/www.commonfoodnames.com\/about-us\/join-us\/<\/a><\/p>\n","protected":false},"excerpt":{"rendered":"<p>Navegaci\u00f3n superior Beneficios de la membres\u00eda CCFN brinda una variedad de beneficios a nuestros miembros, incluido el acceso a las marcas comerciales de CCFN para asegurar proactivamente la naturaleza gen\u00e9rica de sus t\u00e9rminos en todo el mundo. Tambi\u00e9n proporcionamos actualizaciones peri\u00f3dicas de un informe sobre el estado de un pa\u00eds, que es un desglose extenso [&hellip;]<\/p>\n","protected":false},"author":1,"featured_media":0,"parent":0,"menu_order":70,"comment_status":"closed","ping_status":"closed","template":"","meta":{"_acf_changed":false,"footnotes":""},"acf":[],"yoast_head":"<!-- This site is optimized with the Yoast SEO plugin v23.0 - https:\/\/yoast.com\/wordpress\/plugins\/seo\/ -->\n<title>Hazte Miembro | CCFN<\/title>\n<meta name=\"robots\" content=\"index, follow, max-snippet:-1, max-image-preview:large, max-video-preview:-1\" \/>\n<link rel=\"canonical\" href=\"https:\/\/www.commonfoodnames.com\/es\/hazte-miembro\/\" \/>\n<meta property=\"og:locale\" content=\"es_ES\" \/>\n<meta property=\"og:type\" content=\"article\" \/>\n<meta property=\"og:title\" content=\"Hazte Miembro | CCFN\" \/>\n<meta property=\"og:description\" content=\"Navegaci\u00f3n superior Beneficios de la membres\u00eda CCFN brinda una variedad de beneficios a nuestros miembros, incluido el acceso a las marcas comerciales de CCFN para asegurar proactivamente la naturaleza gen\u00e9rica de sus t\u00e9rminos en todo el mundo. Tambi\u00e9n proporcionamos actualizaciones peri\u00f3dicas de un informe sobre el estado de un pa\u00eds, que es un desglose extenso [&hellip;]\" \/>\n<meta property=\"og:url\" content=\"https:\/\/www.commonfoodnames.com\/es\/hazte-miembro\/\" \/>\n<meta property=\"og:site_name\" content=\"CCFN\" \/>\n<meta name=\"twitter:card\" content=\"summary_large_image\" \/>\n<meta name=\"twitter:label1\" content=\"Tiempo de lectura\" \/>\n\t<meta name=\"twitter:data1\" content=\"2 minutos\" \/>\n<script type=\"application\/ld+json\" class=\"yoast-schema-graph\">{\"@context\":\"https:\/\/schema.org\",\"@graph\":[{\"@type\":\"WebPage\",\"@id\":\"https:\/\/www.commonfoodnames.com\/es\/hazte-miembro\/\",\"url\":\"https:\/\/www.commonfoodnames.com\/es\/hazte-miembro\/\",\"name\":\"Hazte Miembro | CCFN\",\"isPartOf\":{\"@id\":\"https:\/\/www.commonfoodnames.com\/#website\"},\"datePublished\":\"2022-11-02T14:24:04+00:00\",\"dateModified\":\"2022-11-02T14:24:04+00:00\",\"breadcrumb\":{\"@id\":\"https:\/\/www.commonfoodnames.com\/es\/hazte-miembro\/#breadcrumb\"},\"inLanguage\":\"es\",\"potentialAction\":[{\"@type\":\"ReadAction\",\"target\":[\"https:\/\/www.commonfoodnames.com\/es\/hazte-miembro\/\"]}]},{\"@type\":\"BreadcrumbList\",\"@id\":\"https:\/\/www.commonfoodnames.com\/es\/hazte-miembro\/#breadcrumb\",\"itemListElement\":[{\"@type\":\"ListItem\",\"position\":1,\"name\":\"Home\",\"item\":\"https:\/\/www.commonfoodnames.com\/es\/hogar\/\"},{\"@type\":\"ListItem\",\"position\":2,\"name\":\"Hazte Miembro\"}]},{\"@type\":\"WebSite\",\"@id\":\"https:\/\/www.commonfoodnames.com\/#website\",\"url\":\"https:\/\/www.commonfoodnames.com\/\",\"name\":\"CCFN\",\"description\":\"\",\"potentialAction\":[{\"@type\":\"SearchAction\",\"target\":{\"@type\":\"EntryPoint\",\"urlTemplate\":\"https:\/\/www.commonfoodnames.com\/?s={search_term_string}\"},\"query-input\":\"required name=search_term_string\"}],\"inLanguage\":\"es\"}]}<\/script>\n<!-- \/ Yoast SEO plugin. -->","yoast_head_json":{"title":"Hazte Miembro | CCFN","robots":{"index":"index","follow":"follow","max-snippet":"max-snippet:-1","max-image-preview":"max-image-preview:large","max-video-preview":"max-video-preview:-1"},"canonical":"https:\/\/www.commonfoodnames.com\/es\/hazte-miembro\/","og_locale":"es_ES","og_type":"article","og_title":"Hazte Miembro | CCFN","og_description":"Navegaci\u00f3n superior Beneficios de la membres\u00eda CCFN brinda una variedad de beneficios a nuestros miembros, incluido el acceso a las marcas comerciales de CCFN para asegurar proactivamente la naturaleza gen\u00e9rica de sus t\u00e9rminos en todo el mundo. Tambi\u00e9n proporcionamos actualizaciones peri\u00f3dicas de un informe sobre el estado de un pa\u00eds, que es un desglose extenso [&hellip;]","og_url":"https:\/\/www.commonfoodnames.com\/es\/hazte-miembro\/","og_site_name":"CCFN","twitter_card":"summary_large_image","twitter_misc":{"Tiempo de lectura":"2 minutos"},"schema":{"@context":"https:\/\/schema.org","@graph":[{"@type":"WebPage","@id":"https:\/\/www.commonfoodnames.com\/es\/hazte-miembro\/","url":"https:\/\/www.commonfoodnames.com\/es\/hazte-miembro\/","name":"Hazte Miembro | CCFN","isPartOf":{"@id":"https:\/\/www.commonfoodnames.com\/#website"},"datePublished":"2022-11-02T14:24:04+00:00","dateModified":"2022-11-02T14:24:04+00:00","breadcrumb":{"@id":"https:\/\/www.commonfoodnames.com\/es\/hazte-miembro\/#breadcrumb"},"inLanguage":"es","potentialAction":[{"@type":"ReadAction","target":["https:\/\/www.commonfoodnames.com\/es\/hazte-miembro\/"]}]},{"@type":"BreadcrumbList","@id":"https:\/\/www.commonfoodnames.com\/es\/hazte-miembro\/#breadcrumb","itemListElement":[{"@type":"ListItem","position":1,"name":"Home","item":"https:\/\/www.commonfoodnames.com\/es\/hogar\/"},{"@type":"ListItem","position":2,"name":"Hazte Miembro"}]},{"@type":"WebSite","@id":"https:\/\/www.commonfoodnames.com\/#website","url":"https:\/\/www.commonfoodnames.com\/","name":"CCFN","description":"","potentialAction":[{"@type":"SearchAction","target":{"@type":"EntryPoint","urlTemplate":"https:\/\/www.commonfoodnames.com\/?s={search_term_string}"},"query-input":"required name=search_term_string"}],"inLanguage":"es"}]}},"_links":{"self":[{"href":"https:\/\/www.commonfoodnames.com\/es\/wp-json\/wp\/v2\/pages\/5813"}],"collection":[{"href":"https:\/\/www.commonfoodnames.com\/es\/wp-json\/wp\/v2\/pages"}],"about":[{"href":"https:\/\/www.commonfoodnames.com\/es\/wp-json\/wp\/v2\/types\/page"}],"author":[{"embeddable":true,"href":"https:\/\/www.commonfoodnames.com\/es\/wp-json\/wp\/v2\/users\/1"}],"replies":[{"embeddable":true,"href":"https:\/\/www.commonfoodnames.com\/es\/wp-json\/wp\/v2\/comments?post=5813"}],"version-history":[{"count":0,"href":"https:\/\/www.commonfoodnames.com\/es\/wp-json\/wp\/v2\/pages\/5813\/revisions"}],"wp:attachment":[{"href":"https:\/\/www.commonfoodnames.com\/es\/wp-json\/wp\/v2\/media?parent=5813"}],"curies":[{"name":"wp","href":"https:\/\/api.w.org\/{rel}","templated":true}]}}